{"id":17,"date":"2016-10-06T09:24:08","date_gmt":"2016-10-06T09:24:08","guid":{"rendered":"http:\/\/www.aterratreme.pt\/infantil\/?page_id=17"},"modified":"2016-10-11T14:02:18","modified_gmt":"2016-10-11T14:02:18","slug":"kit-de-emergencia","status":"publish","type":"page","link":"https:\/\/www.aterratreme.pt\/infantil\/kit-de-emergencia\/","title":{"rendered":"Kit de Emerg\u00eancia"},"content":{"rendered":"<style type=\"text\/css\"><\/style><h3><\/h3>\n<h3>O kit de emerg\u00eancia \u00e9 um conjunto de elementos considerados essenciais para a nossa sobreviv\u00eancia, nas primeiras horas, nos primeiros dias, ap\u00f3s um sismo, e \u00e9 ainda mais fundamental se tivermos que sair de nossa casa.<\/h3>\n<h3>Algumas sugest\u00f5es: alimentos secos e em conserva; \u00e1gua; medicamentos essenciais; estojo de primeiros socorros, uma manta, algumas pe\u00e7as de roupa interior, kit de higiene, r\u00e1dio e lanterna de prefer\u00eancia de d\u00ednamo e que funcionam sem pilhas; c\u00f3pia dos documentos pessoais.<\/h3>\n<h3>Pensa ainda em alguma coisa, pequena e que n\u00e3o ocupe muito espa\u00e7o, mas que possa ajudar a ocupar o tempo (um jogo, papel, canetas e l\u00e1pis).<\/h3>\n<h3>Para que n\u00e3o se torne muito pesado, pode-se fazer um kit para cada membro da fam\u00edlia e n\u00e3o se deve esquecer o do teu amiguinho de estima\u00e7\u00e3o.<\/h3>\n<h2 style=\"text-align: center;\"><span style=\"color: #65517a;\">Abaixo tens uma sugest\u00e3o do que deve conter o teu <strong>KIT de EMERG\u00caNCIA<\/strong><\/span><\/h2>\n<ul>\n<li>\n<h3><span style=\"color: #fb6b47;\">Mochila<img loading=\"lazy\" class=\"alignright size-full wp-image-264\" src=\"https:\/\/www.aterratreme.pt\/infantil\/wp-content\/uploads\/2016\/10\/a-1.png\" alt=\"a\" width=\"523\" height=\"379\" srcset=\"https:\/\/www.aterratreme.pt\/infantil\/wp-content\/uploads\/2016\/10\/a-1.png 523w, https:\/\/www.aterratreme.pt\/infantil\/wp-content\/uploads\/2016\/10\/a-1-300x217.png 300w\" sizes=\"(max-width: 523px) 100vw, 523px\" \/><br \/>\n<\/span><\/h3>\n<\/li>\n<li>\n<h3><span style=\"color: #fb6b47;\"><span style=\"color: #65517a;\">Lanterna de d\u00ednamo (Sem pilhas)<br \/>\n<\/span><\/span><\/h3>\n<\/li>\n<li>\n<h3><span style=\"color: #fb6b47;\">R\u00e1dio de D\u00ednamo (sem pilhas)<\/span><\/h3>\n<\/li>\n<li>\n<h3><span style=\"color: #65517a;\">Apito<\/span><\/h3>\n<\/li>\n<li>\n<h3><span style=\"color: #fb6b47;\">Bon\u00e9<\/span><\/h3>\n<\/li>\n<li>\n<h3><span style=\"color: #65517a;\">Imperme\u00e1vel<\/span><\/h3>\n<\/li>\n<li>\n<h3><span style=\"color: #fb6b47;\">Roupa Interior<\/span><\/h3>\n<\/li>\n<li>\n<h3><span style=\"color: #65517a;\">Caixa de Primeiros Socorros<\/span><\/h3>\n<\/li>\n<li>\n<h3><span style=\"color: #fb6b47;\">Medicamentos Essenciais<\/span><\/h3>\n<\/li>\n<li>\n<h3><span style=\"color: #65517a;\">Material de Higiene Pessoal<br \/>\n<\/span><\/h3>\n<\/li>\n<li>\n<h3><span style=\"color: #fb6b47;\">Papel Higi\u00e9nico<\/span><\/h3>\n<\/li>\n<li>\n<h3><span style=\"color: #65517a;\">Mascara anti p\u00f3<br \/>\n<\/span><\/h3>\n<\/li>\n<li>\n<h3><span style=\"color: #fb6b47;\">\u00c1gua<\/span><\/h3>\n<\/li>\n<li>\n<h3><span style=\"color: #65517a;\">Alimentos secos ( ex. barras de chocolate \/ cereais \/ Conservas)<\/span><\/h3>\n<\/li>\n<li>\n<h3><span style=\"color: #fb6b47;\">Canetas e Cadernos<\/span><\/h3>\n<\/li>\n<li>\n<h3><span style=\"color: #65517a;\">Um jogo \/ um Livro<\/span><\/h3>\n<\/li>\n<li>\n<h3><span style=\"color: #fb6b47;\">Fotoc\u00f3pias de documentos Essenciais<\/span><\/h3>\n<\/li>\n<\/ul>\n","protected":false},"excerpt":{"rendered":"<p>O kit de emerg\u00eancia \u00e9 um conjunto de elementos considerados essenciais para a nossa sobreviv\u00eancia, nas primeiras horas, nos primeiros dias, ap\u00f3s um sismo, e \u00e9 ainda mais fundamental se&#8230;<\/p>\n","protected":false},"author":1,"featured_media":0,"parent":0,"menu_order":0,"comment_status":"closed","ping_status":"closed","template":"","meta":[],"_links":{"self":[{"href":"https:\/\/www.aterratreme.pt\/infantil\/wp-json\/wp\/v2\/pages\/17"}],"collection":[{"href":"https:\/\/www.aterratreme.pt\/infantil\/wp-json\/wp\/v2\/pages"}],"about":[{"href":"https:\/\/www.aterratreme.pt\/infantil\/wp-json\/wp\/v2\/types\/page"}],"author":[{"embeddable":true,"href":"https:\/\/www.aterratreme.pt\/infantil\/wp-json\/wp\/v2\/users\/1"}],"replies":[{"embeddable":true,"href":"https:\/\/www.aterratreme.pt\/infantil\/wp-json\/wp\/v2\/comments?post=17"}],"version-history":[{"count":14,"href":"https:\/\/www.aterratreme.pt\/infantil\/wp-json\/wp\/v2\/pages\/17\/revisions"}],"predecessor-version":[{"id":289,"href":"https:\/\/www.aterratreme.pt\/infantil\/wp-json\/wp\/v2\/pages\/17\/revisions\/289"}],"wp:attachment":[{"href":"https:\/\/www.aterratreme.pt\/infantil\/wp-json\/wp\/v2\/media?parent=17"}],"curies":[{"name":"wp","href":"https:\/\/api.w.org\/{rel}","templated":true}]}}